{"id":54,"date":"2022-03-13T10:33:06","date_gmt":"2022-03-13T10:33:06","guid":{"rendered":"https:\/\/zimmertheater-mainz.de\/home\/?page_id=54"},"modified":"2025-06-29T15:08:16","modified_gmt":"2025-06-29T15:08:16","slug":"konzept","status":"publish","type":"page","link":"https:\/\/zimmertheater-mainz.de\/home\/konzept\/","title":{"rendered":"Konzept"},"content":{"rendered":"\n<blockquote class=\"wp-block-quote is-style-large has-large-font-size is-layout-flow wp-block-quote-is-layout-flow\">\n<video autoplay muted loop playsinline id=\"bgvid\">\n  <source src=\"https:\/\/zimmertheater-mainz.de\/home\/wp-content\/uploads\/2025\/06\/Vorhang2.mp4\" type=\"video\/mp4\">\n<\/video>\n\n\n\n<p>Gro\u00dfes Theater auf kleiner B\u00fchne. <br>Ganz nah dran am Publikum.<\/p>\n<\/blockquote>\n\n\n\n<p class=\"has-drop-cap has-medium-font-size\">Die Sehnsucht nach der kleinen B\u00fchne und die Suche nach einer Theaterform, die es erlaubt, an jedem Ort zu spielen, brachte vier Schauspielerinnen im November 2015 dazu, das Zimmertheater Mainz ins Leben zu rufen.<\/p>\n\n\n\n<p class=\"has-medium-font-size\">Die schauspielerischen Mittel und die individuelle Ausdruckskraft jedes Ensemblemitgliedes stehen dabei im Mittelpunkt jeder Auff\u00fchrung.<\/p>\n\n\n\n<p class=\"has-medium-font-size\">Das Zimmertheater Mainz bespielt R\u00e4umlichkeiten mit 5-50 Sitzpl\u00e4tzen und schafft somit eine intime gem\u00fctliche Atmosph\u00e4re mit und f\u00fcr das Publikum.<\/p>\n\n\n\n<p class=\"has-medium-font-size\">Die Herausforderung liegt dabei in der Anpassung jeder Vorstellung an die individuell gegebenen R\u00e4umlichkeiten &#8211; vom alten Kinosaal, Atelier, Weinkeller, Schreinerei, Scheune bis eben hin zum Wohnzimmer, wurde schon alles bespielt.<\/p>\n\n\n\n<p class=\"has-medium-font-size\">Somit ist jede Vorstellung eine neue, einmalige Auff\u00fchrung. Dabei bieten die R\u00e4umlichkeiten dem Zuschauer die au\u00dfergew\u00f6hnliche M\u00f6glichkeit hautnah am, oder auch im, Geschehen zu sitzen.<\/p>\n\n\n\n<p><\/p>\n","protected":false},"excerpt":{"rendered":"<p>Gro\u00dfes Theater auf kleiner B\u00fchne. Ganz nah dran am Publikum. Die Sehnsucht nach der kleinen B\u00fchne und die Suche nach einer Theaterform, die es erlaubt, an jedem Ort zu spielen, brachte vier Schauspielerinnen im November 2015 dazu, das Zimmertheater Mainz ins Leben zu rufen. Die schauspielerischen Mittel und die individuelle Ausdruckskraft jedes Ensemblemitgliedes stehen dabei [&hellip;]<\/p>\n","protected":false},"author":1,"featured_media":0,"parent":0,"menu_order":0,"comment_status":"closed","ping_status":"closed","template":"","meta":{"pgc_sgb_lightbox_settings":"","footnotes":""},"class_list":["post-54","page","type-page","status-publish","hentry"],"_links":{"self":[{"href":"https:\/\/zimmertheater-mainz.de\/home\/wp-json\/wp\/v2\/pages\/54","targetHints":{"allow":["GET"]}}],"collection":[{"href":"https:\/\/zimmertheater-mainz.de\/home\/wp-json\/wp\/v2\/pages"}],"about":[{"href":"https:\/\/zimmertheater-mainz.de\/home\/wp-json\/wp\/v2\/types\/page"}],"author":[{"embeddable":true,"href":"https:\/\/zimmertheater-mainz.de\/home\/wp-json\/wp\/v2\/users\/1"}],"replies":[{"embeddable":true,"href":"https:\/\/zimmertheater-mainz.de\/home\/wp-json\/wp\/v2\/comments?post=54"}],"version-history":[{"count":5,"href":"https:\/\/zimmertheater-mainz.de\/home\/wp-json\/wp\/v2\/pages\/54\/revisions"}],"predecessor-version":[{"id":311,"href":"https:\/\/zimmertheater-mainz.de\/home\/wp-json\/wp\/v2\/pages\/54\/revisions\/311"}],"wp:attachment":[{"href":"https:\/\/zimmertheater-mainz.de\/home\/wp-json\/wp\/v2\/media?parent=54"}],"curies":[{"name":"wp","href":"https:\/\/api.w.org\/{rel}","templated":true}]}}