{"id":361,"date":"2025-09-28T15:50:53","date_gmt":"2025-09-28T15:50:53","guid":{"rendered":"https:\/\/zimmertheater-mainz.de\/home\/?page_id=361"},"modified":"2025-10-04T07:40:58","modified_gmt":"2025-10-04T07:40:58","slug":"361-2","status":"publish","type":"page","link":"https:\/\/zimmertheater-mainz.de\/home\/361-2\/","title":{"rendered":"Tanja Fischer"},"content":{"rendered":"\n<p><\/p>\n\n\n\n<div class=\"wp-block-cover wp-duotone-unset-1\" style=\"min-height:330px;aspect-ratio:unset;\"><img loading=\"lazy\" decoding=\"async\" width=\"1024\" height=\"918\" class=\"wp-block-cover__image-background wp-image-363 size-large\" alt=\"\" src=\"https:\/\/zimmertheater-mainz.de\/home\/wp-content\/uploads\/2025\/09\/TF-1024x918.png\" style=\"object-position:55% 52%\" data-object-fit=\"cover\" data-object-position=\"55% 52%\" srcset=\"https:\/\/zimmertheater-mainz.de\/home\/wp-content\/uploads\/2025\/09\/TF-1024x918.png 1024w, https:\/\/zimmertheater-mainz.de\/home\/wp-content\/uploads\/2025\/09\/TF-300x269.png 300w, https:\/\/zimmertheater-mainz.de\/home\/wp-content\/uploads\/2025\/09\/TF-768x689.png 768w, https:\/\/zimmertheater-mainz.de\/home\/wp-content\/uploads\/2025\/09\/TF-100x90.png 100w, https:\/\/zimmertheater-mainz.de\/home\/wp-content\/uploads\/2025\/09\/TF.png 1200w\" sizes=\"auto, (max-width: 1024px) 100vw, 1024px\" \/><span aria-hidden=\"true\" class=\"wp-block-cover__background has-background-dim-40 has-background-dim\" style=\"background-color:#454545\"><\/span><div class=\"wp-block-cover__inner-container is-layout-flow wp-block-cover-is-layout-flow\">\n<p class=\"has-text-align-center has-text-color has-link-color has-large-font-size wp-elements-4e288dbbe004b866582ab9ec853221cb\" style=\"color:#ffffff66\"><strong>Tanja Fischer<\/strong><\/p>\n<\/div><\/div>\n\n\n\n<blockquote class=\"wp-block-quote has-small-font-size is-layout-flow wp-block-quote-is-layout-flow\">\n<h1 class=\"wp-block-heading\">Die Worte setzen das Schweigen in Klammern<\/h1>\n\n\n\n<p><em>Yasmina Reza<\/em><\/p>\n<\/blockquote>\n\n\n\n<h6 class=\"wp-block-heading\">Tanja Fischer wurde in Fl\u00f6rsheim geboren. Bereits mit 12 Jahren stand sie in den Mainzer Kammerspielen auf der B\u00fchne. <br><br>Ab 2015 nahm sie Schauspieltraining und hat sich durch den Besuch eines Physical Theatre Kurses mit dem Bewegungstheater auseinander gesetzt. <br><br>Im Zimmertheater Mainz lieh sie ihre Stimme f\u00fcr die Lesung \u201eDrei Stimmen\u201c von Sylvia Plath. In Daniel Calls \u201eWetterleuchten\u201c spielte sie die Kitty Lack. Bei der Produktion \u201eSwallow\u201c von Stef Smith \u00fcbernahm sie die Assistenz, unterst\u00fctzt die Inszenierung hinter der B\u00fchne und \u00fcbenahm als Zweitbesetzung in den letzten beiden Auff\u00fchrungen die Rolle der Anna.<br><br>In der aktuellen Spielzeit, mit &#8222;Allesfresser&#8220; von Erpho Bell, stellt sie gleich 6 verschiedene Charaktere dar.<\/h6>\n\n\n\n<hr class=\"wp-block-separator has-alpha-channel-opacity is-style-wide\"\/>\n\n\n\n<div class=\"wp-block-columns is-layout-flex wp-container-core-columns-is-layout-9d6595d7 wp-block-columns-is-layout-flex\">\n<div class=\"wp-block-column is-layout-flow wp-block-column-is-layout-flow\">\n<figure class=\"wp-block-image size-large is-style-rounded\"><img loading=\"lazy\" decoding=\"async\" width=\"1024\" height=\"1024\" src=\"https:\/\/zimmertheater-mainz.de\/home\/wp-content\/uploads\/2025\/09\/TF-3Frauen-1024x1024.png\" alt=\"\" class=\"wp-image-365\" srcset=\"https:\/\/zimmertheater-mainz.de\/home\/wp-content\/uploads\/2025\/09\/TF-3Frauen-1024x1024.png 1024w, https:\/\/zimmertheater-mainz.de\/home\/wp-content\/uploads\/2025\/09\/TF-3Frauen-300x300.png 300w, https:\/\/zimmertheater-mainz.de\/home\/wp-content\/uploads\/2025\/09\/TF-3Frauen-150x150.png 150w, https:\/\/zimmertheater-mainz.de\/home\/wp-content\/uploads\/2025\/09\/TF-3Frauen-768x768.png 768w, https:\/\/zimmertheater-mainz.de\/home\/wp-content\/uploads\/2025\/09\/TF-3Frauen-100x100.png 100w, https:\/\/zimmertheater-mainz.de\/home\/wp-content\/uploads\/2025\/09\/TF-3Frauen-1536x1536.png 1536w, https:\/\/zimmertheater-mainz.de\/home\/wp-content\/uploads\/2025\/09\/TF-3Frauen-1568x1568.png 1568w, https:\/\/zimmertheater-mainz.de\/home\/wp-content\/uploads\/2025\/09\/TF-3Frauen.png 1764w\" sizes=\"auto, (max-width: 1024px) 100vw, 1024px\" \/><figcaption class=\"wp-element-caption\">Drei Stimmen<\/figcaption><\/figure>\n<\/div>\n\n\n\n<div class=\"wp-block-column is-layout-flow wp-block-column-is-layout-flow\">\n<figure class=\"wp-block-image size-large is-style-rounded\"><img loading=\"lazy\" decoding=\"async\" width=\"1024\" height=\"1024\" src=\"https:\/\/zimmertheater-mainz.de\/home\/wp-content\/uploads\/2025\/09\/TF2-1024x1024.png\" alt=\"\" class=\"wp-image-366\" srcset=\"https:\/\/zimmertheater-mainz.de\/home\/wp-content\/uploads\/2025\/09\/TF2-1024x1024.png 1024w, https:\/\/zimmertheater-mainz.de\/home\/wp-content\/uploads\/2025\/09\/TF2-300x300.png 300w, https:\/\/zimmertheater-mainz.de\/home\/wp-content\/uploads\/2025\/09\/TF2-150x150.png 150w, https:\/\/zimmertheater-mainz.de\/home\/wp-content\/uploads\/2025\/09\/TF2-768x768.png 768w, https:\/\/zimmertheater-mainz.de\/home\/wp-content\/uploads\/2025\/09\/TF2-100x100.png 100w, https:\/\/zimmertheater-mainz.de\/home\/wp-content\/uploads\/2025\/09\/TF2-1536x1536.png 1536w, https:\/\/zimmertheater-mainz.de\/home\/wp-content\/uploads\/2025\/09\/TF2-1568x1568.png 1568w, https:\/\/zimmertheater-mainz.de\/home\/wp-content\/uploads\/2025\/09\/TF2.png 1581w\" sizes=\"auto, (max-width: 1024px) 100vw, 1024px\" \/><\/figure>\n<\/div>\n\n\n\n<div class=\"wp-block-column is-layout-flow wp-block-column-is-layout-flow\">\n<figure class=\"wp-block-image size-large is-style-rounded\"><img loading=\"lazy\" decoding=\"async\" width=\"1024\" height=\"1024\" src=\"https:\/\/zimmertheater-mainz.de\/home\/wp-content\/uploads\/2025\/09\/TF-Allesfresser-1024x1024.png\" alt=\"\" class=\"wp-image-367\" srcset=\"https:\/\/zimmertheater-mainz.de\/home\/wp-content\/uploads\/2025\/09\/TF-Allesfresser-1024x1024.png 1024w, https:\/\/zimmertheater-mainz.de\/home\/wp-content\/uploads\/2025\/09\/TF-Allesfresser-300x300.png 300w, https:\/\/zimmertheater-mainz.de\/home\/wp-content\/uploads\/2025\/09\/TF-Allesfresser-150x150.png 150w, https:\/\/zimmertheater-mainz.de\/home\/wp-content\/uploads\/2025\/09\/TF-Allesfresser-768x768.png 768w, https:\/\/zimmertheater-mainz.de\/home\/wp-content\/uploads\/2025\/09\/TF-Allesfresser-100x100.png 100w, https:\/\/zimmertheater-mainz.de\/home\/wp-content\/uploads\/2025\/09\/TF-Allesfresser-1536x1536.png 1536w, https:\/\/zimmertheater-mainz.de\/home\/wp-content\/uploads\/2025\/09\/TF-Allesfresser-2048x2048.png 2048w, https:\/\/zimmertheater-mainz.de\/home\/wp-content\/uploads\/2025\/09\/TF-Allesfresser-1568x1568.png 1568w\" sizes=\"auto, (max-width: 1024px) 100vw, 1024px\" \/><figcaption class=\"wp-element-caption\">Allesfresser<\/figcaption><\/figure>\n<\/div>\n<\/div>\n\n\n\n<hr class=\"wp-block-separator has-alpha-channel-opacity is-style-wide\"\/>\n\n\n\n<p>&#8222;Am Schauspielern reizt es mich, sich mit verschiedenen Charakteren und deren Lebensl\u00e4ufe zu besch\u00e4ftigen. Sich als verkopfter Mensch mit den vielf\u00e4ltigen Emotionen auseinander zusetzen und deren Wirkung auf die eigenen Empfindungen ist f\u00fcr mich eine faszinierende Herausforderung. Dabei kann ich mich in Ruhe ausprobieren und Vielschichtigkeit zeigen.&#8220;<\/p>\n","protected":false},"excerpt":{"rendered":"<p>Die Worte setzen das Schweigen in Klammern Yasmina Reza Tanja Fischer wurde in Fl\u00f6rsheim geboren. Bereits mit 12 Jahren stand sie in den Mainzer Kammerspielen auf der B\u00fchne. Ab 2015 nahm sie Schauspieltraining und hat sich durch den Besuch eines Physical Theatre Kurses mit dem Bewegungstheater auseinander gesetzt. Im Zimmertheater Mainz lieh sie ihre Stimme [&hellip;]<\/p>\n","protected":false},"author":1,"featured_media":0,"parent":0,"menu_order":0,"comment_status":"closed","ping_status":"closed","template":"","meta":{"pgc_sgb_lightbox_settings":"","footnotes":""},"class_list":["post-361","page","type-page","status-publish","hentry"],"_links":{"self":[{"href":"https:\/\/zimmertheater-mainz.de\/home\/wp-json\/wp\/v2\/pages\/361","targetHints":{"allow":["GET"]}}],"collection":[{"href":"https:\/\/zimmertheater-mainz.de\/home\/wp-json\/wp\/v2\/pages"}],"about":[{"href":"https:\/\/zimmertheater-mainz.de\/home\/wp-json\/wp\/v2\/types\/page"}],"author":[{"embeddable":true,"href":"https:\/\/zimmertheater-mainz.de\/home\/wp-json\/wp\/v2\/users\/1"}],"replies":[{"embeddable":true,"href":"https:\/\/zimmertheater-mainz.de\/home\/wp-json\/wp\/v2\/comments?post=361"}],"version-history":[{"count":5,"href":"https:\/\/zimmertheater-mainz.de\/home\/wp-json\/wp\/v2\/pages\/361\/revisions"}],"predecessor-version":[{"id":405,"href":"https:\/\/zimmertheater-mainz.de\/home\/wp-json\/wp\/v2\/pages\/361\/revisions\/405"}],"wp:attachment":[{"href":"https:\/\/zimmertheater-mainz.de\/home\/wp-json\/wp\/v2\/media?parent=361"}],"curies":[{"name":"wp","href":"https:\/\/api.w.org\/{rel}","templated":true}]}}